{"id":1203,"date":"2025-04-10T15:35:16","date_gmt":"2025-04-10T13:35:16","guid":{"rendered":"https:\/\/jean-luc-larive.fr\/?page_id=1203"},"modified":"2026-01-06T22:05:35","modified_gmt":"2026-01-06T20:05:35","slug":"la-boutique-a-vendre","status":"publish","type":"page","link":"https:\/\/jean-luc-larive.fr\/?page_id=1203","title":{"rendered":"La boutique"},"content":{"rendered":"<p>Accord\u00e9on Mengascini\/Larive 3800\u20ac<br \/>\n<span style=\"color: #0000ff;\"><a style=\"color: #0000ff;\" href=\"https:\/\/jean-luc-larive.fr\/wp-content\/uploads\/2025\/05\/Accordeon-MengasciniLarive.pdf\" target=\"_blank\" rel=\"noreferrer noopener\">PDF du mod\u00e8le<\/a> \u00a0<\/span>\u00a0 \u00a0\u00a0 \u00a0\u00a0 \u00a0\u00a0 \u00a0\u00a0 \u00a0\u00a0 \u00a0\u00a0 \u00a0\u00a0 \u00a0\u00a0 \u00a0\u00a0 \u00a0\u00a0 <span style=\"color: #800080;\"><a style=\"color: #800080;\" href=\"https:\/\/jean-luc-larive.fr\/wp-content\/uploads\/2025\/03\/clavier-3318-F-Heim-copie-2.pdf\" target=\"_blank\" rel=\"noreferrer noopener\">PDF clavier F.Heim 2<\/a><\/span><\/p>\n<p>&nbsp;<\/p>\n<p>Voici une pr\u00e9sentation de trois mod\u00e8les r\u00e9alis\u00e9 sur mesure, 33touches 18 basses, 30 touches 12 basses tr\u00e8s l\u00e9ger. Les diato Larive peuvent \u00eatre r\u00e9alis\u00e9s \u00e0 la carte bien s\u00fbr.<\/p>\n<p><a href=\"https:\/\/jean-luc-larive.fr\/wp-content\/uploads\/2026\/01\/IMG_9212-scaled.jpg\"><img loading=\"lazy\" decoding=\"async\" class=\"alignnone size-medium wp-image-1337\" src=\"https:\/\/jean-luc-larive.fr\/wp-content\/uploads\/2026\/01\/IMG_9212-300x169.jpg\" alt=\"\" width=\"300\" height=\"169\" srcset=\"https:\/\/jean-luc-larive.fr\/wp-content\/uploads\/2026\/01\/IMG_9212-300x169.jpg 300w, https:\/\/jean-luc-larive.fr\/wp-content\/uploads\/2026\/01\/IMG_9212-1024x576.jpg 1024w, https:\/\/jean-luc-larive.fr\/wp-content\/uploads\/2026\/01\/IMG_9212-768x432.jpg 768w, https:\/\/jean-luc-larive.fr\/wp-content\/uploads\/2026\/01\/IMG_9212-1536x864.jpg 1536w, https:\/\/jean-luc-larive.fr\/wp-content\/uploads\/2026\/01\/IMG_9212-2048x1152.jpg 2048w\" sizes=\"auto, (max-width: 300px) 100vw, 300px\" \/><\/a><\/p>\n","protected":false},"excerpt":{"rendered":"<p>Accord\u00e9on Mengascini\/Larive 3800\u20ac PDF du mod\u00e8le \u00a0\u00a0 \u00a0\u00a0 \u00a0\u00a0 \u00a0\u00a0 \u00a0\u00a0 \u00a0\u00a0 \u00a0\u00a0 \u00a0\u00a0 \u00a0\u00a0 \u00a0\u00a0 \u00a0\u00a0 PDF clavier F.Heim 2 &nbsp; Voici une pr\u00e9sentation de trois mod\u00e8les r\u00e9alis\u00e9 sur mesure, 33touches 18 basses, 30 touches 12 basses tr\u00e8s l\u00e9ger. &hellip; <a href=\"https:\/\/jean-luc-larive.fr\/?page_id=1203\">Continuer la lecture <span class=\"meta-nav\">&rarr;<\/span><\/a><\/p>\n","protected":false},"author":1,"featured_media":0,"parent":0,"menu_order":0,"comment_status":"closed","ping_status":"closed","template":"","meta":{"footnotes":""},"class_list":["post-1203","page","type-page","status-publish","hentry"],"_links":{"self":[{"href":"https:\/\/jean-luc-larive.fr\/index.php?rest_route=\/wp\/v2\/pages\/1203","targetHints":{"allow":["GET"]}}],"collection":[{"href":"https:\/\/jean-luc-larive.fr\/index.php?rest_route=\/wp\/v2\/pages"}],"about":[{"href":"https:\/\/jean-luc-larive.fr\/index.php?rest_route=\/wp\/v2\/types\/page"}],"author":[{"embeddable":true,"href":"https:\/\/jean-luc-larive.fr\/index.php?rest_route=\/wp\/v2\/users\/1"}],"replies":[{"embeddable":true,"href":"https:\/\/jean-luc-larive.fr\/index.php?rest_route=%2Fwp%2Fv2%2Fcomments&post=1203"}],"version-history":[{"count":32,"href":"https:\/\/jean-luc-larive.fr\/index.php?rest_route=\/wp\/v2\/pages\/1203\/revisions"}],"predecessor-version":[{"id":1343,"href":"https:\/\/jean-luc-larive.fr\/index.php?rest_route=\/wp\/v2\/pages\/1203\/revisions\/1343"}],"wp:attachment":[{"href":"https:\/\/jean-luc-larive.fr\/index.php?rest_route=%2Fwp%2Fv2%2Fmedia&parent=1203"}],"curies":[{"name":"wp","href":"https:\/\/api.w.org\/{rel}","templated":true}]}}