{"id":173,"date":"2013-09-19T18:43:10","date_gmt":"2013-09-19T16:43:10","guid":{"rendered":"http:\/\/www.jean-luc-larive.fr\/?page_id=173"},"modified":"2026-03-04T18:33:48","modified_gmt":"2026-03-04T16:33:48","slug":"tablatures-compositions","status":"publish","type":"page","link":"https:\/\/jean-luc-larive.fr\/?page_id=173","title":{"rendered":"Tablatures Compositions"},"content":{"rendered":"<p>Une valse pour les d\u00e9buts au diato \u00a0 \u00a0 \u00a0 \u00a0 \u00a0 \u00a0 \u00a0 \u00a0 \u00a0 \u00a0 \u00a0 \u00a0 \u00a0\u00a0\u00a0\u00a0\u00a0\u00a0\u00a0\u00a0\u00a0 <a title=\"Valse \u00e0 Camille pdf\" href=\"http:\/\/www.jean-luc-larive.fr\/wp-content\/uploads\/2013\/09\/valse-\u00e0-Camille.pdf\" target=\"_blank\" rel=\"noopener noreferrer\">Valse \u00e0 Camille\u00a0<\/a> <span style=\"color: #339966;\"><a style=\"color: #339966;\" href=\"https:\/\/jean-luc-larive.fr\/wp-content\/uploads\/2024\/01\/Valse-a-Camille.mp3\" target=\"_blank\" rel=\"noopener\">mp3<\/a><\/span><\/p>\n<p>Une petite mazurka de stage, \u00e9t\u00e9 2012, Dordogne\u00a0\u00a0\u00a0 \u00a0 \u00a0 <span style=\"color: #008000;\"><a href=\"http:\/\/www.jean-luc-larive.fr\/wp-content\/uploads\/2013\/09\/Mazurka-Carpienne.pdf\" target=\"_blank\" rel=\"noopener noreferrer\">Mazurka Carpienne <\/a><\/span>\u00a0 <span style=\"color: #008000;\"><a style=\"color: #008000;\" href=\"http:\/\/www.jean-luc-larive.fr\/wp-content\/uploads\/2016\/03\/carpienne.mp3\" target=\"_blank\" rel=\"noopener noreferrer\">mp3<\/a><\/span><\/p>\n<p>Au portail d&rsquo;une maison et et et<br \/>l&rsquo;odeur des lilas &#8230;\u00a0 \u00a0\u00a0\u00a0\u00a0\u00a0\u00a0\u00a0\u00a0\u00a0\u00a0\u00a0\u00a0\u00a0\u00a0\u00a0\u00a0\u00a0\u00a0 \u00a0 \u00a0\u00a0\u00a0\u00a0\u00a0\u00a0\u00a0\u00a0\u00a0\u00a0\u00a0\u00a0\u00a0\u00a0\u00a0\u00a0\u00a0\u00a0\u00a0\u00a0\u00a0\u00a0\u00a0\u00a0\u00a0\u00a0\u00a0\u00a0\u00a0\u00a0\u00a0\u00a0\u00a0\u00a0\u00a0\u00a0\u00a0\u00a0 \u00a0\u00a0 <a href=\"http:\/\/www.jean-luc-larive.fr\/wp-content\/uploads\/2016\/03\/Lilas-Blanc.pdf\" target=\"_blank\" rel=\"noopener noreferrer\">Lilas Blanc (valse)<\/a><\/p>\n<p>Pour ma petite ni\u00e8ce \ud83d\ude42<\/p>\n<p>Ah ! les mouettes. \u00a0\u00a0\u00a0\u00a0\u00a0\u00a0\u00a0\u00a0\u00a0\u00a0\u00a0\u00a0\u00a0\u00a0\u00a0\u00a0\u00a0\u00a0\u00a0\u00a0\u00a0\u00a0\u00a0\u00a0\u00a0\u00a0\u00a0\u00a0\u00a0\u00a0\u00a0\u00a0\u00a0\u00a0\u00a0\u00a0\u00a0\u00a0\u00a0\u00a0\u00a0\u00a0\u00a0\u00a0\u00a0\u00a0\u00a0\u00a0\u00a0 \u00a0 \u00a0 \u00a0 \u00a0 \u00a0 \u00a0 \u00a0\u00a0 <a href=\"http:\/\/www.jean-luc-larive.fr\/wp-content\/uploads\/2015\/02\/lind\u00e9licatesse-de-la-mouette.pdf\" target=\"_blank\" rel=\"noopener noreferrer\">L&rsquo;ind\u00e9licatesse de la mouette (valse)<\/a><\/p>\n<p>Une joyeuse scottish. \u00a0\u00a0\u00a0\u00a0\u00a0\u00a0\u00a0\u00a0\u00a0\u00a0\u00a0\u00a0\u00a0\u00a0\u00a0\u00a0\u00a0\u00a0\u00a0\u00a0\u00a0\u00a0\u00a0\u00a0\u00a0\u00a0\u00a0\u00a0\u00a0\u00a0\u00a0\u00a0\u00a0\u00a0\u00a0\u00a0\u00a0\u00a0\u00a0\u00a0\u00a0\u00a0\u00a0\u00a0\u00a0\u00a0\u00a0\u00a0\u00a0\u00a0\u00a0\u00a0 \u00a0 \u00a0 \u00a0 <a href=\"http:\/\/www.jean-luc-larive.fr\/wp-content\/uploads\/2015\/02\/la-menina1.pdf\" target=\"_blank\" rel=\"noopener noreferrer\">La Menina<\/a><\/p>\n<p>Une n\u00e9o-drague-zurka ? Accompagn\u00e9 \u00e0 la<br \/>guitare par Alain Modat \u00a0\u00a0\u00a0\u00a0\u00a0\u00a0\u00a0\u00a0\u00a0\u00a0\u00a0\u00a0\u00a0\u00a0\u00a0\u00a0\u00a0\u00a0\u00a0\u00a0\u00a0\u00a0\u00a0\u00a0\u00a0\u00a0\u00a0\u00a0\u00a0\u00a0\u00a0\u00a0\u00a0\u00a0\u00a0\u00a0\u00a0\u00a0\u00a0\u00a0\u00a0\u00a0\u00a0\u00a0 \u00a0 \u00a0 \u00a0 \u00a0\u00a0 <a href=\"http:\/\/www.jean-luc-larive.fr\/wp-content\/uploads\/2015\/02\/La-Mazurgane.pdf\" target=\"_blank\" rel=\"noopener noreferrer\">La Mazurgane \u00a0<\/a><a href=\"http:\/\/www.jean-luc-larive.fr\/?page_id=581\" target=\"_blank\" rel=\"noopener noreferrer\">\u00a0 <\/a><span style=\"color: #008000;\"><a style=\"color: #008000;\" href=\"http:\/\/www.jean-luc-larive.fr\/wp-content\/uploads\/2016\/03\/projet-Mazurgane.mp3\" target=\"_blank\" rel=\"noopener noreferrer\">mp3<\/a><\/span><\/p>\n<p>Allez ! un mixeur un peu Italien. \u00a0\u00a0\u00a0\u00a0\u00a0\u00a0\u00a0\u00a0\u00a0\u00a0\u00a0\u00a0\u00a0\u00a0\u00a0\u00a0\u00a0\u00a0\u00a0\u00a0\u00a0\u00a0\u00a0\u00a0\u00a0\u00a0\u00a0\u00a0\u00a0\u00a0\u00a0\u00a0\u00a0\u00a0 \u00a0 \u00a0 <a href=\"http:\/\/www.jean-luc-larive.fr\/wp-content\/uploads\/2015\/02\/Via-Adr\u00e9atica.pdf\" target=\"_blank\" rel=\"noopener noreferrer\">Via Adr\u00e9atica<\/a><\/p>\n<p>Ce th\u00e8me fait partie d&rsquo;un spectacle de conte<br \/>jou\u00e9 avec le conteur \u00a0Jean-Claude Botton.<br \/>\u00ab\u00a0Sur les pas silencieux de son parfum\u00a0\u00bb<br \/>Jou\u00e9 ici avec le complice A. Modat,<br \/>Une mazurka\/valse donc &#8230; \u00a0 \u00a0 \u00a0 \u00a0 \u00a0 \u00a0 \u00a0 \u00a0 \u00a0 \u00a0 \u00a0 \u00a0 \u00a0 \u00a0 \u00a0<span style=\"color: #3366ff;\">\u00a0 \u00a0 \u00a0 \u00a0 \u00a0 \u00a0 \u00a0 \u00a0 \u00a0 \u00a0<\/span><a href=\"http:\/\/www.jean-luc-larive.fr\/wp-content\/uploads\/2019\/10\/Sur-le-chemin-de-son-parfum.pdf\">Sur le chemin de son parfum<\/a><a href=\"http:\/\/www.jean-luc-larive.fr\/wp-content\/uploads\/2015\/02\/Sur-le-chemin-de-son-parfum-grille-accords.pdf\" target=\"_blank\" rel=\"noopener noreferrer\">\u00a0<\/a><span style=\"color: #008000;\"><a style=\"color: #008000;\" href=\"http:\/\/www.jean-luc-larive.fr\/wp-content\/uploads\/2016\/03\/le-chemin-de-son-parfum.mp3\" target=\"_blank\" rel=\"noopener noreferrer\">mp3<\/a><\/span><\/p>\n<p>Une valse \u00e0 5 temps printani\u00e8re, compos\u00e9 du cot\u00e9<br \/>de la Br\u00e9vardi\u00e8re, massif de la Chartreuse &#8230; \u00a0 \u00a0 \u00a0 \u00a0 \u00a0 \u00a0 \u00a0 \u00a0 \u00a0\u00a0<a href=\"http:\/\/www.jean-luc-larive.fr\/wp-content\/uploads\/2022\/04\/La-Br\u00e9vardi\u00e8re.pdf\" target=\"_blank\" rel=\"noopener\">La Br\u00e9vardi\u00e8re<\/a><\/p>\n<p>L&rsquo;Oc\u00e9ane, une petite valse pour ma ni\u00e8ce Oc\u00e9ane. \u00a0 \u00a0 \u00a0 \u00a0 <a href=\"https:\/\/jean-luc-larive.fr\/wp-content\/uploads\/2026\/03\/LOceane-3.pdf\" target=\"_blank\" rel=\"noopener\">L&rsquo;Oc\u00e9ane 3<\/a> \u00a0\u00a0 \u00a0\u00a0 <span style=\"color: #ff0000;\">\u00a0<a style=\"color: #ff0000;\" href=\"https:\/\/www.youtube.com\/watch?v=rM-Agp2VnUQ\" target=\"_blank\" rel=\"noopener\">Vid\u00e9o youtube<\/a><\/span><\/p>\n\n\n<p><\/p>\n","protected":false},"excerpt":{"rendered":"<p>Une valse pour les d\u00e9buts au diato \u00a0 \u00a0 \u00a0 \u00a0 \u00a0 \u00a0 \u00a0 \u00a0 \u00a0 \u00a0 \u00a0 \u00a0 \u00a0\u00a0\u00a0\u00a0\u00a0\u00a0\u00a0\u00a0\u00a0 Valse \u00e0 Camille\u00a0 mp3 Une petite mazurka de stage, \u00e9t\u00e9 2012, Dordogne\u00a0\u00a0\u00a0 \u00a0 \u00a0 Mazurka Carpienne \u00a0 mp3 Au portail &hellip; <a href=\"https:\/\/jean-luc-larive.fr\/?page_id=173\">Continuer la lecture <span class=\"meta-nav\">&rarr;<\/span><\/a><\/p>\n","protected":false},"author":1,"featured_media":0,"parent":0,"menu_order":0,"comment_status":"closed","ping_status":"closed","template":"","meta":{"footnotes":""},"class_list":["post-173","page","type-page","status-publish","hentry"],"_links":{"self":[{"href":"https:\/\/jean-luc-larive.fr\/index.php?rest_route=\/wp\/v2\/pages\/173","targetHints":{"allow":["GET"]}}],"collection":[{"href":"https:\/\/jean-luc-larive.fr\/index.php?rest_route=\/wp\/v2\/pages"}],"about":[{"href":"https:\/\/jean-luc-larive.fr\/index.php?rest_route=\/wp\/v2\/types\/page"}],"author":[{"embeddable":true,"href":"https:\/\/jean-luc-larive.fr\/index.php?rest_route=\/wp\/v2\/users\/1"}],"replies":[{"embeddable":true,"href":"https:\/\/jean-luc-larive.fr\/index.php?rest_route=%2Fwp%2Fv2%2Fcomments&post=173"}],"version-history":[{"count":116,"href":"https:\/\/jean-luc-larive.fr\/index.php?rest_route=\/wp\/v2\/pages\/173\/revisions"}],"predecessor-version":[{"id":1351,"href":"https:\/\/jean-luc-larive.fr\/index.php?rest_route=\/wp\/v2\/pages\/173\/revisions\/1351"}],"wp:attachment":[{"href":"https:\/\/jean-luc-larive.fr\/index.php?rest_route=%2Fwp%2Fv2%2Fmedia&parent=173"}],"curies":[{"name":"wp","href":"https:\/\/api.w.org\/{rel}","templated":true}]}}