{"id":197,"date":"2013-09-22T01:28:37","date_gmt":"2013-09-21T23:28:37","guid":{"rendered":"http:\/\/www.jean-luc-larive.fr\/?page_id=197"},"modified":"2023-06-28T22:19:02","modified_gmt":"2023-06-28T20:19:02","slug":"un-peu-dhistoire","status":"publish","type":"page","link":"https:\/\/jean-luc-larive.fr\/?page_id=197","title":{"rendered":"Un peu d&rsquo;histoire &#8230;"},"content":{"rendered":"<p><b>\u00a0L\u2019accord\u00e9on diatonique a \u00e9t\u00e9 invent\u00e9 en 1829 par Cyril DEMIAN en Autriche.<\/b><\/p>\n<p><b>Instrument d\u00e9couvert et jou\u00e9 par la bourgeoisie, il a \u00e9t\u00e9 tr\u00e8s vite adopt\u00e9 par les classes et cultures populaires, non sans mal quelquefois, mais le fait \u00e9tait l\u00e0, il y a eu un engouement tr\u00e8s fort pour cet instrument\u202f: des manufactures se sont ouvertes un peu partout en Europe, principalement en Italie, en Allemagne et en France.<\/b><\/p>\n<p><b>Comment lui r\u00e9sister\u202f? Son prix sans doute abordable, son apprentissage plut\u00f4t facile, sa nouvelle sonorit\u00e9, le fait qu\u2019il soit un petit orchestre \u00e0 lui tout seul, son aisance de transport et sa solidit\u00e9 en ont fait un instrument qui a fait partie de tous les voyages, de toutes les vagues d\u2019immigration successive du 19 et d\u00e9but du 20\u00e8me si\u00e8cle.<\/b><\/p>\n<p><b>L\u2019accord\u00e9on a voyag\u00e9 et s\u2019est transform\u00e9, est devenu m\u00e9lod\u00e9on, bandon\u00e9on, concertina\u2026 il a \u00e9volu\u00e9 au fur et \u00e0 mesure des besoins musicaux, il est devenu chromatique, cet instrument \u00e9volue encore aujourd\u2019hui.<\/b><\/p>\n<p><b>Afin de s\u2019y retrouver, nous pouvons tout de suite d\u00e9gager deux grandes familles d\u2019accord\u00e9on\u202f: le syst\u00e8me diatonique et le syst\u00e8me chromatique.<\/b><\/p>\n<p><b>Le diatonique est le petit accord\u00e9on. Si on appuie sur un bouton, il y aura une note diff\u00e9rente selon que l\u2019on tire ou que l\u2019on pousse le soufflet. On devrait donc l\u2019appeler accord\u00e9on bisonore, mais son nom usuel est diatonique, parce qu\u2019\u00e0 ses d\u00e9buts, il ne permettait de jouer que la gamme diatonique. On le trouve dans diff\u00e9rentes tonalit\u00e9s, \u00e0 1, 2 ou 3 rangs du cot\u00e9 main droite et de 2 \u00e0 24 basses cot\u00e9 gauche. Il \u00e9volue tellement que certain l&rsquo;ont \u00ab\u00a0chromatis\u00e9\u00a0\u00bb, \u00a0alors peut on parler alors de chromatique bisonore ?<br \/>\n<\/b><\/p>\n<p><b>Le chromatique est le gros accord\u00e9on. Si l\u2019on pousse ou tire le soufflet en appuyant sur la m\u00eame touche, la note sera identique. On aurait peut-\u00eatre d\u00fb l\u2019appeler accord\u00e9on unisonore, mais il s\u2019appelle chromatique, d\u2019abord pour le diff\u00e9rencier du diatonique et ensuite parce qu\u2019il permet de jouer la gamme chromatique gr\u00e2ce \u00e0 un agencement particulier des notes sur le clavier.<\/b><\/p>\n<p><b>Beaucoup de descendants viennent de ces deux familles qui ne finissent pas de s\u2019agrandir.<\/b><\/p>\n<p><b>On peut dire que chacune de ces deux familles se sont appropri\u00e9es des genres musicaux sp\u00e9cifiques. Le diatonique est plut\u00f4t li\u00e9 aux musiques traditionnelles , aux nouvelles tendances dites n\u00e9o-trad,et le chromatique au musette , \u00e0 la chanson, vari\u00e9t\u00e9s, jazz, et musiques classiques &#8230; Encore faut-il \u00eatre tr\u00e8s prudent aujourd\u2019hui\u202f: ces classifications ne sont plus aussi \u00e9videntes, d\u2019une part en raison l\u2019\u00e9volution technique des instruments, d\u2019autre part gr\u00e2ce \u00a0aux musiciens qui le sortent de certains clich\u00e9s.<\/b><\/p>\n<p><b> Diatonique et chromatique sont devenus des instruments \u00e0 part enti\u00e8res et utilis\u00e9s dans des genres musicaux tr\u00e8s divers.<\/b><\/p>\n","protected":false},"excerpt":{"rendered":"<p>\u00a0L\u2019accord\u00e9on diatonique a \u00e9t\u00e9 invent\u00e9 en 1829 par Cyril DEMIAN en Autriche. Instrument d\u00e9couvert et jou\u00e9 par la bourgeoisie, il a \u00e9t\u00e9 tr\u00e8s vite adopt\u00e9 par les classes et cultures populaires, non sans mal quelquefois, mais le fait \u00e9tait l\u00e0, &hellip; <a href=\"https:\/\/jean-luc-larive.fr\/?page_id=197\">Continuer la lecture <span class=\"meta-nav\">&rarr;<\/span><\/a><\/p>\n","protected":false},"author":1,"featured_media":0,"parent":0,"menu_order":0,"comment_status":"closed","ping_status":"closed","template":"","meta":{"footnotes":""},"class_list":["post-197","page","type-page","status-publish","hentry"],"_links":{"self":[{"href":"https:\/\/jean-luc-larive.fr\/index.php?rest_route=\/wp\/v2\/pages\/197","targetHints":{"allow":["GET"]}}],"collection":[{"href":"https:\/\/jean-luc-larive.fr\/index.php?rest_route=\/wp\/v2\/pages"}],"about":[{"href":"https:\/\/jean-luc-larive.fr\/index.php?rest_route=\/wp\/v2\/types\/page"}],"author":[{"embeddable":true,"href":"https:\/\/jean-luc-larive.fr\/index.php?rest_route=\/wp\/v2\/users\/1"}],"replies":[{"embeddable":true,"href":"https:\/\/jean-luc-larive.fr\/index.php?rest_route=%2Fwp%2Fv2%2Fcomments&post=197"}],"version-history":[{"count":7,"href":"https:\/\/jean-luc-larive.fr\/index.php?rest_route=\/wp\/v2\/pages\/197\/revisions"}],"predecessor-version":[{"id":1144,"href":"https:\/\/jean-luc-larive.fr\/index.php?rest_route=\/wp\/v2\/pages\/197\/revisions\/1144"}],"wp:attachment":[{"href":"https:\/\/jean-luc-larive.fr\/index.php?rest_route=%2Fwp%2Fv2%2Fmedia&parent=197"}],"curies":[{"name":"wp","href":"https:\/\/api.w.org\/{rel}","templated":true}]}}