{"id":29,"date":"2013-05-07T17:36:26","date_gmt":"2013-05-07T15:36:26","guid":{"rendered":"http:\/\/www.jean-luc-larive.fr\/?page_id=29"},"modified":"2019-04-12T10:27:19","modified_gmt":"2019-04-12T08:27:19","slug":"tablatures","status":"publish","type":"page","link":"https:\/\/jean-luc-larive.fr\/?page_id=29","title":{"rendered":"Tablatures"},"content":{"rendered":"<p>Les tablatures sont \u00e0 disposition de tous \u00e9videmment, si vous jouez ou enregistrez mes compos, merci de citer vos sources, elles sont toutes d\u00e9pos\u00e9es \u00e0 la SACEM &#8230;<\/p>\n","protected":false},"excerpt":{"rendered":"<p>Les tablatures sont \u00e0 disposition de tous \u00e9videmment, si vous jouez ou enregistrez mes compos, merci de citer vos sources, elles sont toutes d\u00e9pos\u00e9es \u00e0 la SACEM &#8230;<\/p>\n","protected":false},"author":1,"featured_media":0,"parent":0,"menu_order":0,"comment_status":"closed","ping_status":"closed","template":"","meta":{"footnotes":""},"class_list":["post-29","page","type-page","status-publish","hentry"],"_links":{"self":[{"href":"https:\/\/jean-luc-larive.fr\/index.php?rest_route=\/wp\/v2\/pages\/29","targetHints":{"allow":["GET"]}}],"collection":[{"href":"https:\/\/jean-luc-larive.fr\/index.php?rest_route=\/wp\/v2\/pages"}],"about":[{"href":"https:\/\/jean-luc-larive.fr\/index.php?rest_route=\/wp\/v2\/types\/page"}],"author":[{"embeddable":true,"href":"https:\/\/jean-luc-larive.fr\/index.php?rest_route=\/wp\/v2\/users\/1"}],"replies":[{"embeddable":true,"href":"https:\/\/jean-luc-larive.fr\/index.php?rest_route=%2Fwp%2Fv2%2Fcomments&post=29"}],"version-history":[{"count":24,"href":"https:\/\/jean-luc-larive.fr\/index.php?rest_route=\/wp\/v2\/pages\/29\/revisions"}],"predecessor-version":[{"id":894,"href":"https:\/\/jean-luc-larive.fr\/index.php?rest_route=\/wp\/v2\/pages\/29\/revisions\/894"}],"wp:attachment":[{"href":"https:\/\/jean-luc-larive.fr\/index.php?rest_route=%2Fwp%2Fv2%2Fmedia&parent=29"}],"curies":[{"name":"wp","href":"https:\/\/api.w.org\/{rel}","templated":true}]}}