{"id":452,"date":"2015-02-25T02:07:23","date_gmt":"2015-02-25T00:07:23","guid":{"rendered":"http:\/\/www.jean-luc-larive.fr\/?page_id=452"},"modified":"2022-09-30T09:01:53","modified_gmt":"2022-09-30T07:01:53","slug":"duo-cqfd-ceux-qui-font-danser","status":"publish","type":"page","link":"https:\/\/jean-luc-larive.fr\/?page_id=452","title":{"rendered":"CQFD (Ceux Qui Font Danser)"},"content":{"rendered":"<p>C.Q.F.D. (Ceux Qui Font Danser), c&rsquo;est une formation \u00e0 g\u00e9om\u00e9trie variable cr\u00e9\u00e9e par Jean-Luc Larive, dont le Jos\u00e9 guitariste se transforme en Vincent clavier ou en C\u00e9cile fl\u00fbtiste. En duo, trio, quartet\u2026 toujours pour le plaisir de la danse !<\/p>\n<p><iframe loading=\"lazy\" title=\"C.Q.F.D. (ceux qui font danser) - teaser court\" width=\"640\" height=\"360\" src=\"https:\/\/www.youtube.com\/embed\/32R3k4-a_fw?feature=oembed\" frameborder=\"0\" allow=\"accelerometer; autoplay; clipboard-write; encrypted-media; gyroscope; picture-in-picture; web-share\" referrerpolicy=\"strict-origin-when-cross-origin\" allowfullscreen><\/iframe><\/p>\n<p><a href=\"https:\/\/www.youtube.com\/results?search_query=CQFD+%28+ceux+qui+font+danser%29\">&nbsp;<\/a><\/p>\n<p>&nbsp;<\/p>\n<p><iframe loading=\"lazy\" title=\"CQFD ( ceux qui font danser )\" width=\"640\" height=\"360\" src=\"https:\/\/www.youtube.com\/embed\/6pvdcZbIV30?feature=oembed\" frameborder=\"0\" allow=\"accelerometer; autoplay; clipboard-write; encrypted-media; gyroscope; picture-in-picture; web-share\" referrerpolicy=\"strict-origin-when-cross-origin\" allowfullscreen><\/iframe><\/p>\n","protected":false},"excerpt":{"rendered":"<p>C.Q.F.D. (Ceux Qui Font Danser), c&rsquo;est une formation \u00e0 g\u00e9om\u00e9trie variable cr\u00e9\u00e9e par Jean-Luc Larive, dont le Jos\u00e9 guitariste se transforme en Vincent clavier ou en C\u00e9cile fl\u00fbtiste. En duo, trio, quartet\u2026 toujours pour le plaisir de la danse ! &hellip; <a href=\"https:\/\/jean-luc-larive.fr\/?page_id=452\">Continuer la lecture <span class=\"meta-nav\">&rarr;<\/span><\/a><\/p>\n","protected":false},"author":1,"featured_media":0,"parent":0,"menu_order":0,"comment_status":"closed","ping_status":"closed","template":"","meta":{"footnotes":""},"class_list":["post-452","page","type-page","status-publish","hentry"],"_links":{"self":[{"href":"https:\/\/jean-luc-larive.fr\/index.php?rest_route=\/wp\/v2\/pages\/452","targetHints":{"allow":["GET"]}}],"collection":[{"href":"https:\/\/jean-luc-larive.fr\/index.php?rest_route=\/wp\/v2\/pages"}],"about":[{"href":"https:\/\/jean-luc-larive.fr\/index.php?rest_route=\/wp\/v2\/types\/page"}],"author":[{"embeddable":true,"href":"https:\/\/jean-luc-larive.fr\/index.php?rest_route=\/wp\/v2\/users\/1"}],"replies":[{"embeddable":true,"href":"https:\/\/jean-luc-larive.fr\/index.php?rest_route=%2Fwp%2Fv2%2Fcomments&post=452"}],"version-history":[{"count":16,"href":"https:\/\/jean-luc-larive.fr\/index.php?rest_route=\/wp\/v2\/pages\/452\/revisions"}],"predecessor-version":[{"id":1095,"href":"https:\/\/jean-luc-larive.fr\/index.php?rest_route=\/wp\/v2\/pages\/452\/revisions\/1095"}],"wp:attachment":[{"href":"https:\/\/jean-luc-larive.fr\/index.php?rest_route=%2Fwp%2Fv2%2Fmedia&parent=452"}],"curies":[{"name":"wp","href":"https:\/\/api.w.org\/{rel}","templated":true}]}}