{"id":512,"date":"2015-05-02T16:05:44","date_gmt":"2015-05-02T14:05:44","guid":{"rendered":"http:\/\/www.jean-luc-larive.fr\/?page_id=512"},"modified":"2015-05-02T16:13:35","modified_gmt":"2015-05-02T14:13:35","slug":"contes-fripons","status":"publish","type":"page","link":"https:\/\/jean-luc-larive.fr\/?page_id=512","title":{"rendered":"Contes Fripons et accord\u00e9on volage"},"content":{"rendered":"<p>Venez go\u00fbter les espi\u00e8gles contes initiatiques du d\u00e9sir amoureux ! des contes de toujours &#8230; ces histoires sont autant de bagatelles &#8230; pleines d&rsquo;humour et de malice &#8230;<\/p>\n<p>Contes dits par Mait\u00e9 et accompagn\u00e9s \u00e0 l&rsquo;accord\u00e9on diatonique par Jean Luc Larive &#8230;<\/p>\n<p>Contact : Mait\u00e9 M\u00e9nager &#8211; tel 01 64 56 12 32 &#8211; maitemenager@wanadoo.fr<\/p>\n<p><iframe loading=\"lazy\" title=\"Contes fripons et accord\u00e9on volage par Mait\u00e9 M\u00e9nager et Jean Luc Larive\" width=\"640\" height=\"360\" src=\"https:\/\/www.youtube.com\/embed\/thFdrqh5j6I?feature=oembed\" frameborder=\"0\" allow=\"accelerometer; autoplay; clipboard-write; encrypted-media; gyroscope; picture-in-picture; web-share\" referrerpolicy=\"strict-origin-when-cross-origin\" allowfullscreen><\/iframe><\/p>\n","protected":false},"excerpt":{"rendered":"<p>Venez go\u00fbter les espi\u00e8gles contes initiatiques du d\u00e9sir amoureux ! des contes de toujours &#8230; ces histoires sont autant de bagatelles &#8230; pleines d&rsquo;humour et de malice &#8230; Contes dits par Mait\u00e9 et accompagn\u00e9s \u00e0 l&rsquo;accord\u00e9on diatonique par Jean Luc &hellip; <a href=\"https:\/\/jean-luc-larive.fr\/?page_id=512\">Continuer la lecture <span class=\"meta-nav\">&rarr;<\/span><\/a><\/p>\n","protected":false},"author":1,"featured_media":0,"parent":0,"menu_order":0,"comment_status":"closed","ping_status":"closed","template":"","meta":{"footnotes":""},"class_list":["post-512","page","type-page","status-publish","hentry"],"_links":{"self":[{"href":"https:\/\/jean-luc-larive.fr\/index.php?rest_route=\/wp\/v2\/pages\/512","targetHints":{"allow":["GET"]}}],"collection":[{"href":"https:\/\/jean-luc-larive.fr\/index.php?rest_route=\/wp\/v2\/pages"}],"about":[{"href":"https:\/\/jean-luc-larive.fr\/index.php?rest_route=\/wp\/v2\/types\/page"}],"author":[{"embeddable":true,"href":"https:\/\/jean-luc-larive.fr\/index.php?rest_route=\/wp\/v2\/users\/1"}],"replies":[{"embeddable":true,"href":"https:\/\/jean-luc-larive.fr\/index.php?rest_route=%2Fwp%2Fv2%2Fcomments&post=512"}],"version-history":[{"count":4,"href":"https:\/\/jean-luc-larive.fr\/index.php?rest_route=\/wp\/v2\/pages\/512\/revisions"}],"predecessor-version":[{"id":517,"href":"https:\/\/jean-luc-larive.fr\/index.php?rest_route=\/wp\/v2\/pages\/512\/revisions\/517"}],"wp:attachment":[{"href":"https:\/\/jean-luc-larive.fr\/index.php?rest_route=%2Fwp%2Fv2%2Fmedia&parent=512"}],"curies":[{"name":"wp","href":"https:\/\/api.w.org\/{rel}","templated":true}]}}