{"id":53,"date":"2013-05-22T22:20:54","date_gmt":"2013-05-22T20:20:54","guid":{"rendered":"http:\/\/www.jean-luc-larive.fr\/?page_id=53"},"modified":"2025-11-17T16:58:43","modified_gmt":"2025-11-17T14:58:43","slug":"biographie","status":"publish","type":"page","link":"https:\/\/jean-luc-larive.fr\/?page_id=53","title":{"rendered":"Biographie"},"content":{"rendered":"<p><a href=\"https:\/\/jean-luc-larive.fr\/wp-content\/uploads\/2024\/09\/jluc--scaled.jpg\"><img loading=\"lazy\" decoding=\"async\" class=\"alignnone size-medium wp-image-1166\" src=\"https:\/\/jean-luc-larive.fr\/wp-content\/uploads\/2024\/09\/jluc--233x300.jpg\" alt=\"\" width=\"233\" height=\"300\" srcset=\"https:\/\/jean-luc-larive.fr\/wp-content\/uploads\/2024\/09\/jluc--233x300.jpg 233w, https:\/\/jean-luc-larive.fr\/wp-content\/uploads\/2024\/09\/jluc--796x1024.jpg 796w, https:\/\/jean-luc-larive.fr\/wp-content\/uploads\/2024\/09\/jluc--768x988.jpg 768w, https:\/\/jean-luc-larive.fr\/wp-content\/uploads\/2024\/09\/jluc--1194x1536.jpg 1194w, https:\/\/jean-luc-larive.fr\/wp-content\/uploads\/2024\/09\/jluc--1592x2048.jpg 1592w, https:\/\/jean-luc-larive.fr\/wp-content\/uploads\/2024\/09\/jluc--scaled.jpg 1990w\" sizes=\"auto, (max-width: 233px) 100vw, 233px\" \/><\/a><\/p>\n<div class=\"page\" title=\"Page 2\">\n<div class=\"section\">\n<div class=\"layoutArea\">\n<div class=\"column\">\n<p style=\"font-weight: 400;\">Il a suffit d\u2019un stage B.A.F.A. le formateur jouait du diato et le th\u00e8me du stage s\u2019intitulait \u00ab Traditions Populaires\u00a0\u00bb<\/p>\n<p style=\"font-weight: 400;\">Et voil\u00e0 , je suis tomb\u00e9 en amour pour cet instrument.<\/p>\n<p style=\"font-weight: 400;\">Aussit\u00f4t le fameux 2915 achet\u00e9 et la chance d\u2019avoir \u00e0 c\u00f4t\u00e9 de chez moi le CMT de Ris Orangis, c\u2019est la rencontre de deux personnalit\u00e9s attachantes, Jean Christophe Lequerr\u00e9 et Gilles Poutoux . Ces deux passionn\u00e9s et superbes diatonistes m\u2019ont fait avancer \u00e0 grands pas.<\/p>\n<p style=\"font-weight: 400;\">Mon cheminement m\u2019a fait croiser, Serge Desaunay, Bernard Lasbleiz, Marc Peronne, et le grand Philippe Bruneau \u2026 \u00e7a calme \u2026<\/p>\n<p style=\"font-weight: 400;\">C\u2019est la d\u00e9couverte de nouveaux r\u00e9pertoires, de nouveaux mondes, c\u2019est le mouvement folk des ann\u00e9e 70\/80, port\u00e9 sans doute par une mani\u00e8re de vivre et une philosophie libertaire, hippie \u2026 \u00e7a marque.<\/p>\n<p style=\"font-weight: 400;\"><strong>D\u00e9couverte des traditions populaires, des musiques du monde.<\/strong><\/p>\n<p style=\"font-weight: 400;\">Oui le Monde \u2026 gr\u00e2ce \u00e0 une petite boite avec des boutons.<\/p>\n<p style=\"font-weight: 400;\">L\u2019apprentissage de cet instrument se fait beaucoup dans le milieu associatif, par les chemins de traverses, le diato commence \u00e0 faire son entr\u00e9e dans les conservatoires, un D.E. de musiques traditionnelles a \u00e9t\u00e9 cr\u00e9\u00e9, pour ma part l\u2019apprentissage s\u2019est fait avec les rencontres cit\u00e9s plus haut , un cheminement assez solitaire et autodidacte, une g\u00e9n\u00e9ration de d\u00e9fricheur on dit, le temps ou le diato recommen\u00e7ait une nouvelle carri\u00e8re, les instruments et les p\u00e9dagogies se mettaient de nouveau sur leur 31. L\u2019aventure pouvait commencer.<\/p>\n<p style=\"font-weight: 400;\">Alors cette biographie\u00a0?<\/p>\n<p style=\"font-weight: 400;\"><strong>Jean Luc Larive a commenc\u00e9 le diatonique en 1982, reconnu pour son jeu fin, simple, pr\u00e9cis et pourtant \u00e9nergique, pour son sens de l\u2019\u00e9coute, il a jou\u00e9 dans de nombreux groupes folk\/trad et aussi dans le domaine du conte et du th\u00e9\u00e2tre tant amateur que professionnel.<\/strong><\/p>\n<p style=\"font-weight: 400;\"><strong>On aime son respect et son rapport \u00e0 la danse, lui-m\u00eame danseur, le bal est un domaine qu\u2019il affectionne \u2026<\/strong><\/p>\n<p style=\"font-weight: 400;\"><strong>En s\u2019appuyant sur une licence en Science de l\u2019Education, sur une p\u00e9dagogie qu\u2019il invente et adapte, il anime depuis 1989,\u00a0 ateliers et stages \u00e0 travers la France et notamment au Centre des Musiques Traditionnelles de Ris Orangis (CMT) au Centre Culturel Occitan du Rouergue et au conservatoire municipal d\u2019Elancourt.<\/strong><\/p>\n<p style=\"font-weight: 400;\"><strong>\u00a0Passionn\u00e9 par l\u2019objet accord\u00e9on il s\u2019est form\u00e9 \u00e0 l\u2019accordage (\u00e0 l\u2019ITEMM) et fabrique depuis les ann\u00e9es 2000 diff\u00e9rents mod\u00e8les, souvent sur mesure.<\/strong><\/p>\n<\/div>\n<\/div>\n<\/div>\n<\/div>\n","protected":false},"excerpt":{"rendered":"<p>Il a suffit d\u2019un stage B.A.F.A. le formateur jouait du diato et le th\u00e8me du stage s\u2019intitulait \u00ab Traditions Populaires\u00a0\u00bb Et voil\u00e0 , je suis tomb\u00e9 en amour pour cet instrument. Aussit\u00f4t le fameux 2915 achet\u00e9 et la chance d\u2019avoir &hellip; <a href=\"https:\/\/jean-luc-larive.fr\/?page_id=53\">Continuer la lecture <span class=\"meta-nav\">&rarr;<\/span><\/a><\/p>\n","protected":false},"author":1,"featured_media":0,"parent":0,"menu_order":0,"comment_status":"closed","ping_status":"closed","template":"","meta":{"footnotes":""},"class_list":["post-53","page","type-page","status-publish","hentry"],"_links":{"self":[{"href":"https:\/\/jean-luc-larive.fr\/index.php?rest_route=\/wp\/v2\/pages\/53","targetHints":{"allow":["GET"]}}],"collection":[{"href":"https:\/\/jean-luc-larive.fr\/index.php?rest_route=\/wp\/v2\/pages"}],"about":[{"href":"https:\/\/jean-luc-larive.fr\/index.php?rest_route=\/wp\/v2\/types\/page"}],"author":[{"embeddable":true,"href":"https:\/\/jean-luc-larive.fr\/index.php?rest_route=\/wp\/v2\/users\/1"}],"replies":[{"embeddable":true,"href":"https:\/\/jean-luc-larive.fr\/index.php?rest_route=%2Fwp%2Fv2%2Fcomments&post=53"}],"version-history":[{"count":8,"href":"https:\/\/jean-luc-larive.fr\/index.php?rest_route=\/wp\/v2\/pages\/53\/revisions"}],"predecessor-version":[{"id":1334,"href":"https:\/\/jean-luc-larive.fr\/index.php?rest_route=\/wp\/v2\/pages\/53\/revisions\/1334"}],"wp:attachment":[{"href":"https:\/\/jean-luc-larive.fr\/index.php?rest_route=%2Fwp%2Fv2%2Fmedia&parent=53"}],"curies":[{"name":"wp","href":"https:\/\/api.w.org\/{rel}","templated":true}]}}