{"id":551,"date":"2015-10-16T22:16:57","date_gmt":"2015-10-16T20:16:57","guid":{"rendered":"http:\/\/www.jean-luc-larive.fr\/?page_id=551"},"modified":"2019-04-12T10:33:24","modified_gmt":"2019-04-12T08:33:24","slug":"stage-dordogne-2015","status":"publish","type":"page","link":"https:\/\/jean-luc-larive.fr\/?page_id=551","title":{"rendered":"Stage Dordogne 2015"},"content":{"rendered":"<p>Au menu une suite de plinns, cuissot de chevreuil cuit \u00e0 la mie de pain, une valse \u00e0 5 temps, des plats r\u00e9gionaux + 2kilos, un concert, un bal, du bon vin , que de bons ingr\u00e9dients pour la r\u00e9ussite d&rsquo;une belle recette musicale et diatonisante et vive la grenouille.<a href=\"http:\/\/www.jean-luc-larive.fr\/wp-content\/uploads\/2015\/10\/stagiaire_0028.jpg\"><img loading=\"lazy\" decoding=\"async\" class=\" wp-image-549 alignleft\" src=\"http:\/\/www.jean-luc-larive.fr\/wp-content\/uploads\/2015\/10\/stagiaire_0028.jpg\" alt=\"stagiaire_0028\" width=\"476\" height=\"318\" srcset=\"https:\/\/jean-luc-larive.fr\/wp-content\/uploads\/2015\/10\/stagiaire_0028.jpg 1936w, https:\/\/jean-luc-larive.fr\/wp-content\/uploads\/2015\/10\/stagiaire_0028-300x201.jpg 300w, https:\/\/jean-luc-larive.fr\/wp-content\/uploads\/2015\/10\/stagiaire_0028-1024x685.jpg 1024w\" sizes=\"auto, (max-width: 476px) 100vw, 476px\" \/><\/a><\/p>\n<p><a href=\"http:\/\/www.jean-luc-larive.fr\/wp-content\/uploads\/2015\/10\/Dor-2015-_0007.jpg\"><img loading=\"lazy\" decoding=\"async\" class=\"alignleft wp-image-544\" src=\"http:\/\/www.jean-luc-larive.fr\/wp-content\/uploads\/2015\/10\/Dor-2015-_0007.jpg\" alt=\"Dor 2015 _0007\" width=\"603\" height=\"403\" srcset=\"https:\/\/jean-luc-larive.fr\/wp-content\/uploads\/2015\/10\/Dor-2015-_0007.jpg 1936w, https:\/\/jean-luc-larive.fr\/wp-content\/uploads\/2015\/10\/Dor-2015-_0007-300x201.jpg 300w, https:\/\/jean-luc-larive.fr\/wp-content\/uploads\/2015\/10\/Dor-2015-_0007-1024x685.jpg 1024w\" sizes=\"auto, (max-width: 603px) 100vw, 603px\" \/><\/a><a href=\"http:\/\/www.jean-luc-larive.fr\/wp-content\/uploads\/2015\/10\/en-public_0040.jpg\"><img loading=\"lazy\" decoding=\"async\" class=\"alignleft wp-image-546\" src=\"http:\/\/www.jean-luc-larive.fr\/wp-content\/uploads\/2015\/10\/en-public_0040.jpg\" alt=\"en public_0040\" width=\"446\" height=\"298\" srcset=\"https:\/\/jean-luc-larive.fr\/wp-content\/uploads\/2015\/10\/en-public_0040.jpg 1936w, https:\/\/jean-luc-larive.fr\/wp-content\/uploads\/2015\/10\/en-public_0040-300x201.jpg 300w, https:\/\/jean-luc-larive.fr\/wp-content\/uploads\/2015\/10\/en-public_0040-1024x685.jpg 1024w\" sizes=\"auto, (max-width: 446px) 100vw, 446px\" \/><\/a><a href=\"http:\/\/www.jean-luc-larive.fr\/wp-content\/uploads\/2015\/10\/en-action_0046.jpg\"><img loading=\"lazy\" decoding=\"async\" class=\"alignleft wp-image-545\" src=\"http:\/\/www.jean-luc-larive.fr\/wp-content\/uploads\/2015\/10\/en-action_0046.jpg\" alt=\"en action_0046\" width=\"431\" height=\"288\" srcset=\"https:\/\/jean-luc-larive.fr\/wp-content\/uploads\/2015\/10\/en-action_0046.jpg 1936w, https:\/\/jean-luc-larive.fr\/wp-content\/uploads\/2015\/10\/en-action_0046-300x201.jpg 300w, https:\/\/jean-luc-larive.fr\/wp-content\/uploads\/2015\/10\/en-action_0046-1024x685.jpg 1024w\" sizes=\"auto, (max-width: 431px) 100vw, 431px\" \/><\/a><a href=\"http:\/\/www.jean-luc-larive.fr\/wp-content\/uploads\/2015\/10\/couch\u00e9-soleil_0047.jpg\"><img loading=\"lazy\" decoding=\"async\" class=\"alignleft wp-image-542\" src=\"http:\/\/www.jean-luc-larive.fr\/wp-content\/uploads\/2015\/10\/couch\u00e9-soleil_0047.jpg\" alt=\"couch\u00e9 soleil_0047\" width=\"481\" height=\"322\" srcset=\"https:\/\/jean-luc-larive.fr\/wp-content\/uploads\/2015\/10\/couch\u00e9-soleil_0047.jpg 1936w, https:\/\/jean-luc-larive.fr\/wp-content\/uploads\/2015\/10\/couch\u00e9-soleil_0047-300x201.jpg 300w, https:\/\/jean-luc-larive.fr\/wp-content\/uploads\/2015\/10\/couch\u00e9-soleil_0047-1024x685.jpg 1024w\" sizes=\"auto, (max-width: 481px) 100vw, 481px\" \/><\/a><\/p>\n","protected":false},"excerpt":{"rendered":"<p>Au menu une suite de plinns, cuissot de chevreuil cuit \u00e0 la mie de pain, une valse \u00e0 5 temps, des plats r\u00e9gionaux + 2kilos, un concert, un bal, du bon vin , que de bons ingr\u00e9dients pour la r\u00e9ussite &hellip; <a href=\"https:\/\/jean-luc-larive.fr\/?page_id=551\">Continuer la lecture <span class=\"meta-nav\">&rarr;<\/span><\/a><\/p>\n","protected":false},"author":1,"featured_media":0,"parent":0,"menu_order":0,"comment_status":"closed","ping_status":"closed","template":"","meta":{"footnotes":""},"class_list":["post-551","page","type-page","status-publish","hentry"],"_links":{"self":[{"href":"https:\/\/jean-luc-larive.fr\/index.php?rest_route=\/wp\/v2\/pages\/551","targetHints":{"allow":["GET"]}}],"collection":[{"href":"https:\/\/jean-luc-larive.fr\/index.php?rest_route=\/wp\/v2\/pages"}],"about":[{"href":"https:\/\/jean-luc-larive.fr\/index.php?rest_route=\/wp\/v2\/types\/page"}],"author":[{"embeddable":true,"href":"https:\/\/jean-luc-larive.fr\/index.php?rest_route=\/wp\/v2\/users\/1"}],"replies":[{"embeddable":true,"href":"https:\/\/jean-luc-larive.fr\/index.php?rest_route=%2Fwp%2Fv2%2Fcomments&post=551"}],"version-history":[{"count":3,"href":"https:\/\/jean-luc-larive.fr\/index.php?rest_route=\/wp\/v2\/pages\/551\/revisions"}],"predecessor-version":[{"id":898,"href":"https:\/\/jean-luc-larive.fr\/index.php?rest_route=\/wp\/v2\/pages\/551\/revisions\/898"}],"wp:attachment":[{"href":"https:\/\/jean-luc-larive.fr\/index.php?rest_route=%2Fwp%2Fv2%2Fmedia&parent=551"}],"curies":[{"name":"wp","href":"https:\/\/api.w.org\/{rel}","templated":true}]}}