{"id":581,"date":"2016-03-10T18:43:37","date_gmt":"2016-03-10T16:43:37","guid":{"rendered":"http:\/\/www.jean-luc-larive.fr\/?page_id=581"},"modified":"2022-02-18T12:22:12","modified_gmt":"2022-02-18T10:22:12","slug":"divers-tablatures","status":"publish","type":"page","link":"https:\/\/jean-luc-larive.fr\/?page_id=581","title":{"rendered":"Diverses tablatures"},"content":{"rendered":"<p>La c\u00e9l\u00e8bre et tr\u00e8s jolie valse de Jean-Christophe<br \/>\nVoici une version tranquille et p\u00e9dagogique \u00a0 \u00a0 \u00a0 \u00a0 \u00a0 \u00a0 \u00a0 \u00a0 \u00a0 \u00a0 \u00a0 \u00a0<a href=\"http:\/\/www.jean-luc-larive.fr\/wp-content\/uploads\/2021\/03\/La-mal-aimable-3.pdf\" target=\"_blank\" rel=\"noopener\">La mal aimable (pdf)\u00a0\u00a0\u00a0<\/a><a href=\"http:\/\/www.jean-luc-larive.fr\/wp-content\/uploads\/2021\/03\/La-mal-aimable-cours-jl-2.mp3\" target=\"_blank\" rel=\"noopener\"><span style=\"color: #339966;\">mp3<\/span><\/a><\/p>\n<p>&nbsp;<\/p>\n<p>Une jolie marche apprise aupr\u00e8s de<br \/>\nSylvie Fr\u00e9choux. \u00a0 \u00a0 \u00a0 \u00a0 \u00a0 \u00a0 \u00a0 \u00a0 \u00a0 \u00a0 \u00a0 \u00a0 \u00a0 \u00a0 \u00a0 \u00a0 \u00a0 \u00a0 \u00a0 \u00a0 \u00a0 \u00a0 \u00a0 \u00a0 \u00a0 \u00a0 \u00a0 \u00a0 \u00a0 \u00a0 \u00a0 \u00a0 \u00a0 \u00a0 \u00a0 \u00a0\u00a0<a href=\"http:\/\/www.jean-luc-larive.fr\/wp-content\/uploads\/2016\/03\/Hunt-the-squirrel.pdf\">Hunt the squirrel<\/a><a href=\"http:\/\/www.jean-luc-larive.fr\/wp-content\/uploads\/2016\/03\/Hunt-the-squirrel.mp3\" target=\"_blank\" rel=\"noopener noreferrer\"> (pdf) \u00a0\u00a0 <\/a><span style=\"color: #008000;\"><a style=\"color: #008000;\" href=\"http:\/\/www.jean-luc-larive.fr\/wp-content\/uploads\/2016\/03\/Hunt-the-squirrel.mp3\" target=\"_blank\" rel=\"noopener noreferrer\">mp3<\/a><\/span><\/p>\n<p>Deux th\u00e8mes Ecossais abord\u00e9s lors d&rsquo;un magnifique\u00a0\u00a0\u00a0\u00a0\u00a0\u00a0\u00a0\u00a0\u00a0 <a href=\"http:\/\/www.jean-luc-larive.fr\/wp-content\/uploads\/2016\/03\/BridgetOMalley.pdf\" target=\"_blank\" rel=\"noopener noreferrer\">Bridget O&rsquo;Malley (pdf)\u00a0\u00a0\u00a0 <\/a><span style=\"color: #008000;\"><a style=\"color: #008000;\" href=\"http:\/\/www.jean-luc-larive.fr\/wp-content\/uploads\/2016\/03\/bridget_0010.mp3\" target=\"_blank\" rel=\"noopener noreferrer\">mp3<\/a><\/span><br \/>\nstage Yoga et Diato (Normandie avril 2017)<br \/>\nBridget est une superbe chanson, une sorte de<br \/>\nblues Ecossais sur le fameux th\u00e8me de l&rsquo;amour perdu \u00a0 \u00a0 \u00a0 \u00a0<a href=\"http:\/\/www.jean-luc-larive.fr\/wp-content\/uploads\/2022\/02\/polka-Ecossaise.pdf\" target=\"_blank\" rel=\"noopener\">Polka Ecossaise<\/a><\/p>\n<p>Une jolie mazurka Gasconne pour un super\u00a0stage<br \/>\nYoga\/Diato en baie de Somme (avril 2018) \u00a0trop bien \ud83d\ude42<br \/>\nOn m&rsquo;a gentillement fait remarquer que cette mazurka<br \/>\naurait \u00e9t\u00e9 compos\u00e9 par Jan-Maria Carlotti \u00a0dans l&rsquo;album<br \/>\nSalabrun , ce que je crois volontiers &#8230; \u00a0 \u00a0 \u00a0 \u00a0 \u00a0 \u00a0 \u00a0 \u00a0 \u00a0 \u00a0 \u00a0 \u00a0 \u00a0 \u00a0 \u00a0 \u00a0 \u00a0 \u00a0\u00a0<a href=\"http:\/\/www.jean-luc-larive.fr\/wp-content\/uploads\/2016\/03\/mazurka-de-la-pluie.pdf\" target=\"_blank\" rel=\"noopener noreferrer\">Mazurka de la pluie<\/a>\u00a0 \u00a0\u00a0<span style=\"color: #008000;\"><a style=\"color: #008000;\" href=\"http:\/\/www.jean-luc-larive.fr\/wp-content\/uploads\/2016\/03\/mazurka-de-la-pluie.mp3\" target=\"_blank\" rel=\"noopener noreferrer\">mp3<\/a><\/span><\/p>\n","protected":false},"excerpt":{"rendered":"<p>La c\u00e9l\u00e8bre et tr\u00e8s jolie valse de Jean-Christophe Voici une version tranquille et p\u00e9dagogique \u00a0 \u00a0 \u00a0 \u00a0 \u00a0 \u00a0 \u00a0 \u00a0 \u00a0 \u00a0 \u00a0 \u00a0La mal aimable (pdf)\u00a0\u00a0\u00a0mp3 &nbsp; Une jolie marche apprise aupr\u00e8s de Sylvie Fr\u00e9choux. \u00a0 \u00a0 &hellip; <a href=\"https:\/\/jean-luc-larive.fr\/?page_id=581\">Continuer la lecture <span class=\"meta-nav\">&rarr;<\/span><\/a><\/p>\n","protected":false},"author":1,"featured_media":0,"parent":0,"menu_order":0,"comment_status":"closed","ping_status":"closed","template":"","meta":{"footnotes":""},"class_list":["post-581","page","type-page","status-publish","hentry"],"_links":{"self":[{"href":"https:\/\/jean-luc-larive.fr\/index.php?rest_route=\/wp\/v2\/pages\/581","targetHints":{"allow":["GET"]}}],"collection":[{"href":"https:\/\/jean-luc-larive.fr\/index.php?rest_route=\/wp\/v2\/pages"}],"about":[{"href":"https:\/\/jean-luc-larive.fr\/index.php?rest_route=\/wp\/v2\/types\/page"}],"author":[{"embeddable":true,"href":"https:\/\/jean-luc-larive.fr\/index.php?rest_route=\/wp\/v2\/users\/1"}],"replies":[{"embeddable":true,"href":"https:\/\/jean-luc-larive.fr\/index.php?rest_route=%2Fwp%2Fv2%2Fcomments&post=581"}],"version-history":[{"count":41,"href":"https:\/\/jean-luc-larive.fr\/index.php?rest_route=\/wp\/v2\/pages\/581\/revisions"}],"predecessor-version":[{"id":1037,"href":"https:\/\/jean-luc-larive.fr\/index.php?rest_route=\/wp\/v2\/pages\/581\/revisions\/1037"}],"wp:attachment":[{"href":"https:\/\/jean-luc-larive.fr\/index.php?rest_route=%2Fwp%2Fv2%2Fmedia&parent=581"}],"curies":[{"name":"wp","href":"https:\/\/api.w.org\/{rel}","templated":true}]}}