{"id":586,"date":"2016-03-10T18:53:14","date_gmt":"2016-03-10T16:53:14","guid":{"rendered":"http:\/\/www.jean-luc-larive.fr\/?page_id=586"},"modified":"2025-01-14T12:00:40","modified_gmt":"2025-01-14T10:00:40","slug":"manufacture-depuis-1998","status":"publish","type":"page","link":"https:\/\/jean-luc-larive.fr\/?page_id=586","title":{"rendered":"Manufacture et accordage depuis 1998"},"content":{"rendered":"<p>Apr\u00e8s une formation d&rsquo;accordeur \u00e0 l&rsquo;ITEMM du Mans\u00a0 en 1998 et \u00e0 force d&rsquo;ouvrir des diatos, comment r\u00e9sister \u00e0 l&rsquo;envie d&rsquo;en fabriquer &#8230; une facture \u00e0 la recherche du beau son et du diato facile \u00e0 jouer, tout un programme \ud83d\ude42<\/p>\n<p>Un petit reportage sur la fabrication d&rsquo;un diato<\/p>\n<p><iframe loading=\"lazy\" title=\"\ud83d\udee0\ufe0f Les savoir-faire de la MJC-CS-CMT de Ris-Orangis - Jean Luc Larive, accord\u00e9on diatonique\" width=\"640\" height=\"360\" src=\"https:\/\/www.youtube.com\/embed\/M9c997JfHAw?feature=oembed\" frameborder=\"0\" allow=\"accelerometer; autoplay; clipboard-write; encrypted-media; gyroscope; picture-in-picture; web-share\" referrerpolicy=\"strict-origin-when-cross-origin\" allowfullscreen><\/iframe><\/p>\n","protected":false},"excerpt":{"rendered":"<p>Apr\u00e8s une formation d&rsquo;accordeur \u00e0 l&rsquo;ITEMM du Mans\u00a0 en 1998 et \u00e0 force d&rsquo;ouvrir des diatos, comment r\u00e9sister \u00e0 l&rsquo;envie d&rsquo;en fabriquer &#8230; une facture \u00e0 la recherche du beau son et du diato facile \u00e0 jouer, tout un programme &hellip; <a href=\"https:\/\/jean-luc-larive.fr\/?page_id=586\">Continuer la lecture <span class=\"meta-nav\">&rarr;<\/span><\/a><\/p>\n","protected":false},"author":1,"featured_media":0,"parent":0,"menu_order":0,"comment_status":"closed","ping_status":"closed","template":"","meta":{"footnotes":""},"class_list":["post-586","page","type-page","status-publish","hentry"],"_links":{"self":[{"href":"https:\/\/jean-luc-larive.fr\/index.php?rest_route=\/wp\/v2\/pages\/586","targetHints":{"allow":["GET"]}}],"collection":[{"href":"https:\/\/jean-luc-larive.fr\/index.php?rest_route=\/wp\/v2\/pages"}],"about":[{"href":"https:\/\/jean-luc-larive.fr\/index.php?rest_route=\/wp\/v2\/types\/page"}],"author":[{"embeddable":true,"href":"https:\/\/jean-luc-larive.fr\/index.php?rest_route=\/wp\/v2\/users\/1"}],"replies":[{"embeddable":true,"href":"https:\/\/jean-luc-larive.fr\/index.php?rest_route=%2Fwp%2Fv2%2Fcomments&post=586"}],"version-history":[{"count":8,"href":"https:\/\/jean-luc-larive.fr\/index.php?rest_route=\/wp\/v2\/pages\/586\/revisions"}],"predecessor-version":[{"id":1181,"href":"https:\/\/jean-luc-larive.fr\/index.php?rest_route=\/wp\/v2\/pages\/586\/revisions\/1181"}],"wp:attachment":[{"href":"https:\/\/jean-luc-larive.fr\/index.php?rest_route=%2Fwp%2Fv2%2Fmedia&parent=586"}],"curies":[{"name":"wp","href":"https:\/\/api.w.org\/{rel}","templated":true}]}}